{"id":142,"date":"2025-03-14T23:48:30","date_gmt":"2025-03-14T22:48:30","guid":{"rendered":"https:\/\/centrekaplaalsace.eu\/?page_id=142"},"modified":"2026-02-11T10:06:30","modified_gmt":"2026-02-11T09:06:30","slug":"accueil","status":"publish","type":"page","link":"https:\/\/centrekaplaalsace.eu\/","title":{"rendered":"Accueil"},"content":{"rendered":"\t\t<div data-elementor-type=\"wp-page\" data-elementor-id=\"142\" class=\"elementor elementor-142\">\n\t\t\t\t<div class=\"elementor-element elementor-element-fc8befc e-flex e-con-boxed e-con e-parent\" data-id=\"fc8befc\" data-element_type=\"container\" data-e-type=\"container\">\n\t\t\t\t\t<div class=\"e-con-inner\">\n\t\t\t\t<div class=\"elementor-element elementor-element-577a459 elementor-widget elementor-widget-image\" data-id=\"577a459\" data-element_type=\"widget\" data-e-type=\"widget\" data-widget_type=\"image.default\">\n\t\t\t\t<div class=\"elementor-widget-container\">\n\t\t\t\t\t\t\t\t\t\t\t\t\t\t\t<img fetchpriority=\"high\" decoding=\"async\" width=\"721\" height=\"1024\" src=\"https:\/\/centrekaplaalsace.eu\/wp-content\/uploads\/2026\/02\/portada-siteweb-721x1024.png\" class=\"attachment-large size-large wp-image-962\" alt=\"\" srcset=\"https:\/\/centrekaplaalsace.eu\/wp-content\/uploads\/2026\/02\/portada-siteweb-721x1024.png 721w, https:\/\/centrekaplaalsace.eu\/wp-content\/uploads\/2026\/02\/portada-siteweb-211x300.png 211w, https:\/\/centrekaplaalsace.eu\/wp-content\/uploads\/2026\/02\/portada-siteweb.png 760w\" sizes=\"(max-width: 721px) 100vw, 721px\" \/>\t\t\t\t\t\t\t\t\t\t\t\t\t\t\t<\/div>\n\t\t\t\t<\/div>\n\t\t\t\t\t<\/div>\n\t\t\t\t<\/div>\n\t\t<div class=\"elementor-element elementor-element-0f25b4d e-flex e-con-boxed e-con e-parent\" data-id=\"0f25b4d\" data-element_type=\"container\" data-e-type=\"container\">\n\t\t\t\t\t<div class=\"e-con-inner\">\n\t\t\t\t<div class=\"elementor-element elementor-element-6260f15 elementor-widget elementor-widget-image\" data-id=\"6260f15\" data-element_type=\"widget\" data-e-type=\"widget\" data-widget_type=\"image.default\">\n\t\t\t\t<div class=\"elementor-widget-container\">\n\t\t\t\t\t\t\t\t\t\t\t\t\t\t\t<img decoding=\"async\" width=\"768\" height=\"123\" src=\"https:\/\/centrekaplaalsace.eu\/wp-content\/uploads\/2025\/03\/maisons-colombages-768x123.png\" class=\"attachment-medium_large size-medium_large wp-image-723\" alt=\"\" srcset=\"https:\/\/centrekaplaalsace.eu\/wp-content\/uploads\/2025\/03\/maisons-colombages-768x123.png 768w, https:\/\/centrekaplaalsace.eu\/wp-content\/uploads\/2025\/03\/maisons-colombages-300x48.png 300w, https:\/\/centrekaplaalsace.eu\/wp-content\/uploads\/2025\/03\/maisons-colombages-1024x163.png 1024w, https:\/\/centrekaplaalsace.eu\/wp-content\/uploads\/2025\/03\/maisons-colombages-1536x245.png 1536w, https:\/\/centrekaplaalsace.eu\/wp-content\/uploads\/2025\/03\/maisons-colombages.png 1717w\" sizes=\"(max-width: 768px) 100vw, 768px\" \/>\t\t\t\t\t\t\t\t\t\t\t\t\t\t\t<\/div>\n\t\t\t\t<\/div>\n\t\t\t\t\t<\/div>\n\t\t\t\t<\/div>\n\t\t<div class=\"elementor-element elementor-element-b64f4cc e-flex e-con-boxed e-con e-parent\" data-id=\"b64f4cc\" data-element_type=\"container\" data-e-type=\"container\">\n\t\t\t\t\t<div class=\"e-con-inner\">\n\t\t\t\t<div class=\"elementor-element elementor-element-1cfd074 elementor-widget-divider--separator-type-pattern elementor-widget-divider--no-spacing elementor-widget-divider--view-line elementor-widget elementor-widget-divider\" data-id=\"1cfd074\" data-element_type=\"widget\" data-e-type=\"widget\" data-widget_type=\"divider.default\">\n\t\t\t\t<div class=\"elementor-widget-container\">\n\t\t\t\t\t\t\t<div class=\"elementor-divider\" style=\"--divider-pattern-url: url(&quot;data:image\/svg+xml,%3Csvg xmlns=&#039;http:\/\/www.w3.org\/2000\/svg&#039; preserveAspectRatio=&#039;xMidYMid meet&#039; overflow=&#039;visible&#039; height=&#039;100%&#039; viewBox=&#039;0 0 126 26&#039; fill=&#039;black&#039; stroke=&#039;none&#039;%3E%3Cpath d=&#039;M111.9,18.3v3.4H109v-3.4H111.9z M90.8,18.3v3.4H88v-3.4H90.8z M69.8,18.3v3.4h-2.9v-3.4H69.8z M48.8,18.3v3.4h-2.9v-3.4H48.8z M27.7,18.3v3.4h-2.9v-3.4H27.7z M6.7,18.3v3.4H3.8v-3.4H6.7z M46.4,4l4.3,4.8l-1.8,0l3.5,4.4l-2.2-0.1l3,3.3l-11,0.4l3.6-3.8l-2.9-0.1l3.1-4.2l-1.9,0L46.4,4z M111.4,4l2.4,4.8l-1.8,0l3.5,4.4l-2.5-0.1l3.3,3.3h-11l3.1-3.4l-2.5-0.1l3.1-4.2l-1.9,0L111.4,4z M89.9,4l2.9,4.8l-1.9,0l3.2,4.2l-2.5,0l3.5,3.5l-11-0.4l3-3.1l-2.4,0L88,8.8l-1.9,0L89.9,4z M68.6,4l3,4.4l-1.9,0.1l3.4,4.1l-2.7,0.1l3.8,3.7H63.8l2.9-3.6l-2.9,0.1L67,8.7l-2,0.1L68.6,4z M26.5,4l3,4.4l-1.9,0.1l3.7,4.7l-2.5-0.1l3.3,3.3H21l3.1-3.4l-2.5-0.1l3.2-4.3l-2,0.1L26.5,4z M4.9,4l3.7,4.8l-1.5,0l3.1,4.2L7.6,13l3.4,3.4H0l3-3.3l-2.3,0.1l3.5-4.4l-2.3,0L4.9,4z&#039;\/%3E%3C\/svg%3E&quot;);\">\n\t\t\t<span class=\"elementor-divider-separator\">\n\t\t\t\t\t\t<\/span>\n\t\t<\/div>\n\t\t\t\t\t\t<\/div>\n\t\t\t\t<\/div>\n\t\t\t\t\t<\/div>\n\t\t\t\t<\/div>\n\t\t<div class=\"elementor-element elementor-element-19d8214 e-grid e-con-boxed e-con e-parent\" data-id=\"19d8214\" data-element_type=\"container\" data-e-type=\"container\">\n\t\t\t\t\t<div class=\"e-con-inner\">\n\t\t\t\t<div class=\"elementor-element elementor-element-f947f0c elementor-invisible elementor-widget elementor-widget-image\" data-id=\"f947f0c\" data-element_type=\"widget\" data-e-type=\"widget\" data-settings=\"{&quot;_animation&quot;:&quot;zoomIn&quot;}\" data-widget_type=\"image.default\">\n\t\t\t\t<div class=\"elementor-widget-container\">\n\t\t\t\t\t\t\t\t\t\t\t\t\t\t\t<img decoding=\"async\" width=\"768\" height=\"1608\" src=\"https:\/\/centrekaplaalsace.eu\/wp-content\/uploads\/2025\/03\/petit-alsacien-2-768x1608.jpg\" class=\"attachment-medium_large size-medium_large wp-image-661\" alt=\"\" srcset=\"https:\/\/centrekaplaalsace.eu\/wp-content\/uploads\/2025\/03\/petit-alsacien-2-768x1608.jpg 768w, https:\/\/centrekaplaalsace.eu\/wp-content\/uploads\/2025\/03\/petit-alsacien-2-143x300.jpg 143w, https:\/\/centrekaplaalsace.eu\/wp-content\/uploads\/2025\/03\/petit-alsacien-2-489x1024.jpg 489w, https:\/\/centrekaplaalsace.eu\/wp-content\/uploads\/2025\/03\/petit-alsacien-2-734x1536.jpg 734w, https:\/\/centrekaplaalsace.eu\/wp-content\/uploads\/2025\/03\/petit-alsacien-2-978x2048.jpg 978w, https:\/\/centrekaplaalsace.eu\/wp-content\/uploads\/2025\/03\/petit-alsacien-2-scaled.jpg 1223w\" sizes=\"(max-width: 768px) 100vw, 768px\" \/>\t\t\t\t\t\t\t\t\t\t\t\t\t\t\t<\/div>\n\t\t\t\t<\/div>\n\t\t\t\t<div class=\"elementor-element elementor-element-eaa68de elementor-invisible elementor-widget elementor-widget-image\" data-id=\"eaa68de\" data-element_type=\"widget\" data-e-type=\"widget\" data-settings=\"{&quot;_animation&quot;:&quot;zoomIn&quot;}\" data-widget_type=\"image.default\">\n\t\t\t\t<div class=\"elementor-widget-container\">\n\t\t\t\t\t\t\t\t\t\t\t\t\t\t\t<img loading=\"lazy\" decoding=\"async\" width=\"683\" height=\"1024\" src=\"https:\/\/centrekaplaalsace.eu\/wp-content\/uploads\/2025\/03\/DSC04437-683x1024.jpg\" class=\"attachment-large size-large wp-image-85\" alt=\"\" srcset=\"https:\/\/centrekaplaalsace.eu\/wp-content\/uploads\/2025\/03\/DSC04437-683x1024.jpg 683w, https:\/\/centrekaplaalsace.eu\/wp-content\/uploads\/2025\/03\/DSC04437-200x300.jpg 200w, https:\/\/centrekaplaalsace.eu\/wp-content\/uploads\/2025\/03\/DSC04437-768x1152.jpg 768w, https:\/\/centrekaplaalsace.eu\/wp-content\/uploads\/2025\/03\/DSC04437-scaled.jpg 1707w\" sizes=\"(max-width: 683px) 100vw, 683px\" \/>\t\t\t\t\t\t\t\t\t\t\t\t\t\t\t<\/div>\n\t\t\t\t<\/div>\n\t\t\t\t<div class=\"elementor-element elementor-element-fed3621 elementor-invisible elementor-widget elementor-widget-image\" data-id=\"fed3621\" data-element_type=\"widget\" data-e-type=\"widget\" data-settings=\"{&quot;_animation&quot;:&quot;zoomIn&quot;}\" data-widget_type=\"image.default\">\n\t\t\t\t<div class=\"elementor-widget-container\">\n\t\t\t\t\t\t\t\t\t\t\t\t\t\t\t<img loading=\"lazy\" decoding=\"async\" width=\"550\" height=\"1024\" src=\"https:\/\/centrekaplaalsace.eu\/wp-content\/uploads\/2025\/03\/Petite-alsacienne-2-550x1024.jpg\" class=\"attachment-large size-large wp-image-663\" alt=\"\" srcset=\"https:\/\/centrekaplaalsace.eu\/wp-content\/uploads\/2025\/03\/Petite-alsacienne-2-550x1024.jpg 550w, https:\/\/centrekaplaalsace.eu\/wp-content\/uploads\/2025\/03\/Petite-alsacienne-2-161x300.jpg 161w, https:\/\/centrekaplaalsace.eu\/wp-content\/uploads\/2025\/03\/Petite-alsacienne-2-768x1429.jpg 768w, https:\/\/centrekaplaalsace.eu\/wp-content\/uploads\/2025\/03\/Petite-alsacienne-2-825x1536.jpg 825w, https:\/\/centrekaplaalsace.eu\/wp-content\/uploads\/2025\/03\/Petite-alsacienne-2-1100x2048.jpg 1100w, https:\/\/centrekaplaalsace.eu\/wp-content\/uploads\/2025\/03\/Petite-alsacienne-2-scaled.jpg 1375w\" sizes=\"(max-width: 550px) 100vw, 550px\" \/>\t\t\t\t\t\t\t\t\t\t\t\t\t\t\t<\/div>\n\t\t\t\t<\/div>\n\t\t\t\t\t<\/div>\n\t\t\t\t<\/div>\n\t\t<div class=\"elementor-element elementor-element-e5adfea e-flex e-con-boxed e-con e-parent\" data-id=\"e5adfea\" data-element_type=\"container\" data-e-type=\"container\">\n\t\t\t\t\t<div class=\"e-con-inner\">\n\t\t\t\t<div class=\"elementor-element elementor-element-6eeb292 elementor-widget elementor-widget-text-editor\" data-id=\"6eeb292\" data-element_type=\"widget\" data-e-type=\"widget\" data-widget_type=\"text-editor.default\">\n\t\t\t\t<div class=\"elementor-widget-container\">\n\t\t\t\t\t\t\t\t\t<p><strong>Si vous voulez vivre une journ\u00e9e KAPLA\u00ae dans votre \u00e9cole, centre de loisirs, entreprise, anniversaire \u00e0 domicile ou toute occasion ou \u00e9v\u00e9nement, n&rsquo;h\u00e9sitez pas \u00e0 nous contacter !<\/strong><\/p>\t\t\t\t\t\t\t\t<\/div>\n\t\t\t\t<\/div>\n\t\t\t\t\t<\/div>\n\t\t\t\t<\/div>\n\t\t<div class=\"elementor-element elementor-element-063f760 e-flex e-con-boxed e-con e-parent\" data-id=\"063f760\" data-element_type=\"container\" data-e-type=\"container\">\n\t\t\t\t\t<div class=\"e-con-inner\">\n\t\t<div class=\"elementor-element elementor-element-0bee40c e-con-full e-flex e-con e-child\" data-id=\"0bee40c\" data-element_type=\"container\" data-e-type=\"container\">\n\t\t\t\t<div class=\"elementor-element elementor-element-72281aa elementor-invisible elementor-widget elementor-widget-image\" data-id=\"72281aa\" data-element_type=\"widget\" data-e-type=\"widget\" data-settings=\"{&quot;_animation&quot;:&quot;bounceInRight&quot;}\" data-widget_type=\"image.default\">\n\t\t\t\t<div class=\"elementor-widget-container\">\n\t\t\t\t\t\t\t\t\t\t\t\t\t\t\t<img loading=\"lazy\" decoding=\"async\" width=\"1024\" height=\"740\" src=\"https:\/\/centrekaplaalsace.eu\/wp-content\/uploads\/2025\/03\/Screenshot_20250316_102405_X-1024x740.jpg\" class=\"attachment-large size-large wp-image-384\" alt=\"\" srcset=\"https:\/\/centrekaplaalsace.eu\/wp-content\/uploads\/2025\/03\/Screenshot_20250316_102405_X-1024x740.jpg 1024w, https:\/\/centrekaplaalsace.eu\/wp-content\/uploads\/2025\/03\/Screenshot_20250316_102405_X-300x217.jpg 300w, https:\/\/centrekaplaalsace.eu\/wp-content\/uploads\/2025\/03\/Screenshot_20250316_102405_X-768x555.jpg 768w, https:\/\/centrekaplaalsace.eu\/wp-content\/uploads\/2025\/03\/Screenshot_20250316_102405_X-1536x1109.jpg 1536w, https:\/\/centrekaplaalsace.eu\/wp-content\/uploads\/2025\/03\/Screenshot_20250316_102405_X-2048x1479.jpg 2048w\" sizes=\"(max-width: 1024px) 100vw, 1024px\" \/>\t\t\t\t\t\t\t\t\t\t\t\t\t\t\t<\/div>\n\t\t\t\t<\/div>\n\t\t\t\t<\/div>\n\t\t<div class=\"elementor-element elementor-element-f2ebf9f e-con-full e-flex e-con e-child\" data-id=\"f2ebf9f\" data-element_type=\"container\" data-e-type=\"container\">\n\t\t\t\t<div class=\"elementor-element elementor-element-6867571 elementor-invisible elementor-widget elementor-widget-text-editor\" data-id=\"6867571\" data-element_type=\"widget\" data-e-type=\"widget\" data-settings=\"{&quot;_animation&quot;:&quot;bounceInLeft&quot;}\" data-widget_type=\"text-editor.default\">\n\t\t\t\t<div class=\"elementor-widget-container\">\n\t\t\t\t\t\t\t\t\t<p><strong>Les animateurs du Centre\u00a0KAPLA\u00ae Alsace sont \u00e0 votre disposition pour se d\u00e9placer dans les d\u00e9partements du Bas-Rhin (67) et du Haut-Rhin (68), mais aussi dans les Vosges (88), le Territoire de Belfort (90), la Moselle (57) et aussi Meurthe-et-Moselle (54).<\/strong><\/p>\t\t\t\t\t\t\t\t<\/div>\n\t\t\t\t<\/div>\n\t\t\t\t<\/div>\n\t\t\t\t\t<\/div>\n\t\t\t\t<\/div>\n\t\t<div class=\"elementor-element elementor-element-0971a2b e-flex e-con-boxed e-con e-parent\" data-id=\"0971a2b\" data-element_type=\"container\" data-e-type=\"container\">\n\t\t\t\t\t<div class=\"e-con-inner\">\n\t\t\t\t<div class=\"elementor-element elementor-element-740d632 elementor-button-success elementor-align-center elementor-widget elementor-widget-button\" data-id=\"740d632\" data-element_type=\"widget\" data-e-type=\"widget\" data-widget_type=\"button.default\">\n\t\t\t\t<div class=\"elementor-widget-container\">\n\t\t\t\t\t\t\t\t\t<div class=\"elementor-button-wrapper\">\n\t\t\t\t\t<a class=\"elementor-button elementor-button-link elementor-size-sm\" href=\"https:\/\/centrekaplaalsace.eu\/?page_id=155\">\n\t\t\t\t\t\t<span class=\"elementor-button-content-wrapper\">\n\t\t\t\t\t\t\t\t\t<span class=\"elementor-button-text\">RESERVEZ DES MAINTENANT ICI<\/span>\n\t\t\t\t\t<\/span>\n\t\t\t\t\t<\/a>\n\t\t\t\t<\/div>\n\t\t\t\t\t\t\t\t<\/div>\n\t\t\t\t<\/div>\n\t\t\t\t\t<\/div>\n\t\t\t\t<\/div>\n\t\t\t\t<\/div>\n\t\t","protected":false},"excerpt":{"rendered":"<p>Si vous voulez vivre une journ\u00e9e KAPLA\u00ae dans votre \u00e9cole, centre de loisirs, entreprise, anniversaire \u00e0 domicile ou toute occasion [&hellip;]<\/p>\n","protected":false},"author":1,"featured_media":0,"parent":0,"menu_order":0,"comment_status":"closed","ping_status":"closed","template":"elementor_header_footer","meta":{"_uag_custom_page_level_css":"","site-sidebar-layout":"no-sidebar","site-content-layout":"","ast-site-content-layout":"full-width-container","site-content-style":"default","site-sidebar-style":"default","ast-global-header-display":"","ast-banner-title-visibility":"","ast-main-header-display":"","ast-hfb-above-header-display":"","ast-hfb-below-header-display":"","ast-hfb-mobile-header-display":"","site-post-title":"disabled","ast-breadcrumbs-content":"","ast-featured-img":"disabled","footer-sml-layout":"","ast-disable-related-posts":"","theme-transparent-header-meta":"","adv-header-id-meta":"","stick-header-meta":"","header-above-stick-meta":"","header-main-stick-meta":"","header-below-stick-meta":"","astra-migrate-meta-layouts":"default","ast-page-background-enabled":"default","ast-page-background-meta":{"desktop":{"background-color":"var(--ast-global-color-5)","background-image":"","background-repeat":"repeat","background-position":"center center","background-size":"auto","background-attachment":"scroll","background-type":"","background-media":"","overlay-type":"","overlay-color":"","overlay-opacity":"","overlay-gradient":""},"tablet":{"background-color":"","background-image":"","background-repeat":"repeat","background-position":"center center","background-size":"auto","background-attachment":"scroll","background-type":"","background-media":"","overlay-type":"","overlay-color":"","overlay-opacity":"","overlay-gradient":""},"mobile":{"background-color":"","background-image":"","background-repeat":"repeat","background-position":"center center","background-size":"auto","background-attachment":"scroll","background-type":"","background-media":"","overlay-type":"","overlay-color":"","overlay-opacity":"","overlay-gradient":""}},"ast-content-background-meta":{"desktop":{"background-color":"var(--ast-global-color-4)","background-image":"","background-repeat":"repeat","background-position":"center center","background-size":"auto","background-attachment":"scroll","background-type":"","background-media":"","overlay-type":"","overlay-color":"","overlay-opacity":"","overlay-gradient":""},"tablet":{"background-color":"var(--ast-global-color-4)","background-image":"","background-repeat":"repeat","background-position":"center center","background-size":"auto","background-attachment":"scroll","background-type":"","background-media":"","overlay-type":"","overlay-color":"","overlay-opacity":"","overlay-gradient":""},"mobile":{"background-color":"var(--ast-global-color-4)","background-image":"","background-repeat":"repeat","background-position":"center center","background-size":"auto","background-attachment":"scroll","background-type":"","background-media":"","overlay-type":"","overlay-color":"","overlay-opacity":"","overlay-gradient":""}},"footnotes":""},"class_list":["post-142","page","type-page","status-publish","hentry"],"uagb_featured_image_src":{"full":false,"thumbnail":false,"medium":false,"medium_large":false,"large":false,"1536x1536":false,"2048x2048":false},"uagb_author_info":{"display_name":"siteweb.kaplaalsace@gmail.com","author_link":"https:\/\/centrekaplaalsace.eu\/?author=1"},"uagb_comment_info":0,"uagb_excerpt":"Si vous voulez vivre une journ\u00e9e KAPLA\u00ae dans votre \u00e9cole, centre de loisirs, entreprise, anniversaire \u00e0 domicile ou toute occasion [&hellip;]","_links":{"self":[{"href":"https:\/\/centrekaplaalsace.eu\/index.php?rest_route=\/wp\/v2\/pages\/142","targetHints":{"allow":["GET"]}}],"collection":[{"href":"https:\/\/centrekaplaalsace.eu\/index.php?rest_route=\/wp\/v2\/pages"}],"about":[{"href":"https:\/\/centrekaplaalsace.eu\/index.php?rest_route=\/wp\/v2\/types\/page"}],"author":[{"embeddable":true,"href":"https:\/\/centrekaplaalsace.eu\/index.php?rest_route=\/wp\/v2\/users\/1"}],"replies":[{"embeddable":true,"href":"https:\/\/centrekaplaalsace.eu\/index.php?rest_route=%2Fwp%2Fv2%2Fcomments&post=142"}],"version-history":[{"count":109,"href":"https:\/\/centrekaplaalsace.eu\/index.php?rest_route=\/wp\/v2\/pages\/142\/revisions"}],"predecessor-version":[{"id":965,"href":"https:\/\/centrekaplaalsace.eu\/index.php?rest_route=\/wp\/v2\/pages\/142\/revisions\/965"}],"wp:attachment":[{"href":"https:\/\/centrekaplaalsace.eu\/index.php?rest_route=%2Fwp%2Fv2%2Fmedia&parent=142"}],"curies":[{"name":"wp","href":"https:\/\/api.w.org\/{rel}","templated":true}]}}