{"id":402,"date":"2025-03-16T10:51:54","date_gmt":"2025-03-16T09:51:54","guid":{"rendered":"https:\/\/centrekaplaalsace.eu\/?page_id=402"},"modified":"2025-09-01T23:57:12","modified_gmt":"2025-09-01T21:57:12","slug":"ecoles","status":"publish","type":"page","link":"https:\/\/centrekaplaalsace.eu\/?page_id=402","title":{"rendered":"Ecoles"},"content":{"rendered":"\t\t<div data-elementor-type=\"wp-page\" data-elementor-id=\"402\" class=\"elementor elementor-402\">\n\t\t\t\t<div class=\"elementor-element elementor-element-571fe3f e-flex e-con-boxed e-con e-parent\" data-id=\"571fe3f\" data-element_type=\"container\" data-e-type=\"container\">\n\t\t\t\t\t<div class=\"e-con-inner\">\n\t\t\t\t<div class=\"elementor-element elementor-element-4284e22 elementor-invisible elementor-widget elementor-widget-heading\" data-id=\"4284e22\" data-element_type=\"widget\" data-e-type=\"widget\" data-settings=\"{&quot;_animation&quot;:&quot;fadeInDown&quot;}\" data-widget_type=\"heading.default\">\n\t\t\t\t<div class=\"elementor-widget-container\">\n\t\t\t\t\t<h2 class=\"elementor-heading-title elementor-size-default\">Animation en \u00e9cole<\/h2>\t\t\t\t<\/div>\n\t\t\t\t<\/div>\n\t\t\t\t\t<\/div>\n\t\t\t\t<\/div>\n\t\t<div class=\"elementor-element elementor-element-247fc4e e-flex e-con-boxed e-con e-parent\" data-id=\"247fc4e\" data-element_type=\"container\" data-e-type=\"container\">\n\t\t\t\t\t<div class=\"e-con-inner\">\n\t\t<div class=\"elementor-element elementor-element-7ce13ff e-con-full e-flex e-con e-child\" data-id=\"7ce13ff\" data-element_type=\"container\" data-e-type=\"container\">\n\t\t\t\t<div class=\"elementor-element elementor-element-f42cf40 elementor-widget elementor-widget-text-editor\" data-id=\"f42cf40\" data-element_type=\"widget\" data-e-type=\"widget\" data-widget_type=\"text-editor.default\">\n\t\t\t\t<div class=\"elementor-widget-container\">\n\t\t\t\t\t\t\t\t\t<p><span style=\"font-style: inherit; text-align: var(--text-align);\">Notre \u00e9quipe arrivera \u00e0 votre \u00e9cole une heure avant le d\u00e9but de l&rsquo;animation afin de d\u00e9charger le mat\u00e9riel et installer l&rsquo;espace de construction dans votre salle de motricit\u00e9 ou pr\u00e9au.<\/span><\/p>\t\t\t\t\t\t\t\t<\/div>\n\t\t\t\t<\/div>\n\t\t\t\t<\/div>\n\t\t<div class=\"elementor-element elementor-element-a7bdddf e-con-full e-flex e-con e-child\" data-id=\"a7bdddf\" data-element_type=\"container\" data-e-type=\"container\">\n\t\t\t\t<div class=\"elementor-element elementor-element-1a60bbc elementor-invisible elementor-widget elementor-widget-image\" data-id=\"1a60bbc\" data-element_type=\"widget\" data-e-type=\"widget\" data-settings=\"{&quot;_animation&quot;:&quot;fadeInRight&quot;}\" data-widget_type=\"image.default\">\n\t\t\t\t<div class=\"elementor-widget-container\">\n\t\t\t\t\t\t\t\t\t\t\t\t\t\t\t\t<a href=\"https:\/\/centrekaplaalsace.eu\/wp-content\/uploads\/2025\/03\/20231130_162921-scaled-e1742254403196.jpg\" data-elementor-open-lightbox=\"yes\" data-elementor-lightbox-title=\"Animation th\u00e9matique en \u00e9cole maternelle\" data-e-action-hash=\"#elementor-action%3Aaction%3Dlightbox%26settings%3DeyJpZCI6NDMsInVybCI6Imh0dHBzOlwvXC9jZW50cmVrYXBsYWFsc2FjZS5ldVwvd3AtY29udGVudFwvdXBsb2Fkc1wvMjAyNVwvMDNcLzIwMjMxMTMwXzE2MjkyMS1zY2FsZWQtZTE3NDIyNTQ0MDMxOTYuanBnIn0%3D\">\n\t\t\t\t\t\t\t<img fetchpriority=\"high\" decoding=\"async\" width=\"1024\" height=\"865\" src=\"https:\/\/centrekaplaalsace.eu\/wp-content\/uploads\/2025\/03\/20231130_162921-scaled-e1742254403196-1024x865.jpg\" class=\"attachment-large size-large wp-image-43\" alt=\"\" srcset=\"https:\/\/centrekaplaalsace.eu\/wp-content\/uploads\/2025\/03\/20231130_162921-scaled-e1742254403196-1024x865.jpg 1024w, https:\/\/centrekaplaalsace.eu\/wp-content\/uploads\/2025\/03\/20231130_162921-scaled-e1742254403196-300x253.jpg 300w, https:\/\/centrekaplaalsace.eu\/wp-content\/uploads\/2025\/03\/20231130_162921-scaled-e1742254403196-768x648.jpg 768w, https:\/\/centrekaplaalsace.eu\/wp-content\/uploads\/2025\/03\/20231130_162921-scaled-e1742254403196.jpg 1528w\" sizes=\"(max-width: 1024px) 100vw, 1024px\" \/>\t\t\t\t\t\t\t\t<\/a>\n\t\t\t\t\t\t\t\t\t\t\t\t\t\t\t<\/div>\n\t\t\t\t<\/div>\n\t\t\t\t<\/div>\n\t\t\t\t\t<\/div>\n\t\t\t\t<\/div>\n\t\t<div class=\"elementor-element elementor-element-4489a49 e-flex e-con-boxed e-con e-parent\" data-id=\"4489a49\" data-element_type=\"container\" data-e-type=\"container\">\n\t\t\t\t\t<div class=\"e-con-inner\">\n\t\t\t\t<div class=\"elementor-element elementor-element-8f6ff75 elementor-widget elementor-widget-text-editor\" data-id=\"8f6ff75\" data-element_type=\"widget\" data-e-type=\"widget\" data-widget_type=\"text-editor.default\">\n\t\t\t\t<div class=\"elementor-widget-container\">\n\t\t\t\t\t\t\t\t\t<p>Ensuite, nous recevrons des groupes de 20 \u00e9l\u00e8ves maximum qui seront accueillis et guid\u00e9s pendant 45 minutes ou une heure pour r\u00e9aliser de belles constructions et apprendre des techniques et des concepts en lien avec le programme \u00e9ducatif (formes g\u00e9om\u00e9triques, lignes bris\u00e9es, horizontal et vertical, se rep\u00e9rer dans l&rsquo;espace, etc.)&nbsp;<\/p>\t\t\t\t\t\t\t\t<\/div>\n\t\t\t\t<\/div>\n\t\t\t\t\t<\/div>\n\t\t\t\t<\/div>\n\t\t<div class=\"elementor-element elementor-element-28d0d35 e-flex e-con-boxed e-con e-parent\" data-id=\"28d0d35\" data-element_type=\"container\" data-e-type=\"container\">\n\t\t\t\t\t<div class=\"e-con-inner\">\n\t\t<div class=\"elementor-element elementor-element-e5ff2bf e-con-full e-flex e-con e-child\" data-id=\"e5ff2bf\" data-element_type=\"container\" data-e-type=\"container\">\n\t\t\t\t<div class=\"elementor-element elementor-element-8f87ef0 elementor-invisible elementor-widget elementor-widget-image\" data-id=\"8f87ef0\" data-element_type=\"widget\" data-e-type=\"widget\" data-settings=\"{&quot;_animation&quot;:&quot;fadeInLeft&quot;}\" data-widget_type=\"image.default\">\n\t\t\t\t<div class=\"elementor-widget-container\">\n\t\t\t\t\t\t\t\t\t\t\t\t\t\t\t\t<a href=\"https:\/\/centrekaplaalsace.eu\/wp-content\/uploads\/2025\/03\/DSC04428-scaled-e1742415642616.jpg\" data-elementor-open-lightbox=\"yes\" data-elementor-lightbox-title=\"Village petite section\" data-e-action-hash=\"#elementor-action%3Aaction%3Dlightbox%26settings%3DeyJpZCI6NzYsInVybCI6Imh0dHBzOlwvXC9jZW50cmVrYXBsYWFsc2FjZS5ldVwvd3AtY29udGVudFwvdXBsb2Fkc1wvMjAyNVwvMDNcL0RTQzA0NDI4LXNjYWxlZC1lMTc0MjQxNTY0MjYxNi5qcGcifQ%3D%3D\">\n\t\t\t\t\t\t\t<img decoding=\"async\" width=\"1024\" height=\"553\" src=\"https:\/\/centrekaplaalsace.eu\/wp-content\/uploads\/2025\/03\/DSC04428-scaled-e1742415642616-1024x553.jpg\" class=\"attachment-large size-large wp-image-76\" alt=\"\" srcset=\"https:\/\/centrekaplaalsace.eu\/wp-content\/uploads\/2025\/03\/DSC04428-scaled-e1742415642616-1024x553.jpg 1024w, https:\/\/centrekaplaalsace.eu\/wp-content\/uploads\/2025\/03\/DSC04428-scaled-e1742415642616-300x162.jpg 300w, https:\/\/centrekaplaalsace.eu\/wp-content\/uploads\/2025\/03\/DSC04428-scaled-e1742415642616-768x415.jpg 768w, https:\/\/centrekaplaalsace.eu\/wp-content\/uploads\/2025\/03\/DSC04428-scaled-e1742415642616-1536x829.jpg 1536w, https:\/\/centrekaplaalsace.eu\/wp-content\/uploads\/2025\/03\/DSC04428-scaled-e1742415642616-2048x1106.jpg 2048w\" sizes=\"(max-width: 1024px) 100vw, 1024px\" \/>\t\t\t\t\t\t\t\t<\/a>\n\t\t\t\t\t\t\t\t\t\t\t\t\t\t\t<\/div>\n\t\t\t\t<\/div>\n\t\t\t\t<\/div>\n\t\t<div class=\"elementor-element elementor-element-ed91164 e-con-full e-flex e-con e-child\" data-id=\"ed91164\" data-element_type=\"container\" data-e-type=\"container\">\n\t\t\t\t<div class=\"elementor-element elementor-element-ef52fc6 elementor-widget elementor-widget-text-editor\" data-id=\"ef52fc6\" data-element_type=\"widget\" data-e-type=\"widget\" data-widget_type=\"text-editor.default\">\n\t\t\t\t<div class=\"elementor-widget-container\">\n\t\t\t\t\t\t\t\t\t<p>L&rsquo;ordre de passage se fera en fonction de l&rsquo;\u00e2ge des enfants : il convient toujours de commencer par les plus petits (petite section en\u00a0 \u00e9cole maternelle et CP en \u00e9cole \u00e9l\u00e9mentaire) et finir par les plus grands (grande section en maternelle et CM2 en \u00e9l\u00e9mentaire).<\/p>\t\t\t\t\t\t\t\t<\/div>\n\t\t\t\t<\/div>\n\t\t\t\t<\/div>\n\t\t\t\t\t<\/div>\n\t\t\t\t<\/div>\n\t\t<div class=\"elementor-element elementor-element-5491592 e-flex e-con-boxed e-con e-parent\" data-id=\"5491592\" data-element_type=\"container\" data-e-type=\"container\">\n\t\t\t\t\t<div class=\"e-con-inner\">\n\t\t\t\t<div class=\"elementor-element elementor-element-95dc342 elementor-widget elementor-widget-text-editor\" data-id=\"95dc342\" data-element_type=\"widget\" data-e-type=\"widget\" data-widget_type=\"text-editor.default\">\n\t\t\t\t<div class=\"elementor-widget-container\">\n\t\t\t\t\t\t\t\t\t<p>Si vous le souhaitez, il est possible d&rsquo;avoir une exposition en fin de journ\u00e9e pour que les enfants et leurs parents puissent admirer le r\u00e9sultat final.<\/p><p>Consultez les tarifs <a href=\"https:\/\/centrekaplaalsace.eu\/?page_id=149\"><span style=\"text-decoration: underline;\">ici<\/span><\/a><\/p>\t\t\t\t\t\t\t\t<\/div>\n\t\t\t\t<\/div>\n\t\t\t\t\t<\/div>\n\t\t\t\t<\/div>\n\t\t<div class=\"elementor-element elementor-element-512f9d6 e-flex e-con-boxed e-con e-parent\" data-id=\"512f9d6\" data-element_type=\"container\" data-e-type=\"container\">\n\t\t\t\t\t<div class=\"e-con-inner\">\n\t\t\t\t<div class=\"elementor-element elementor-element-9fa3384 elementor-align-center elementor-widget elementor-widget-button\" data-id=\"9fa3384\" data-element_type=\"widget\" data-e-type=\"widget\" data-widget_type=\"button.default\">\n\t\t\t\t<div class=\"elementor-widget-container\">\n\t\t\t\t\t\t\t\t\t<div class=\"elementor-button-wrapper\">\n\t\t\t\t\t<a class=\"elementor-button elementor-button-link elementor-size-sm\" href=\"https:\/\/centrekaplaalsace.eu\/?page_id=155\">\n\t\t\t\t\t\t<span class=\"elementor-button-content-wrapper\">\n\t\t\t\t\t\t<span class=\"elementor-button-icon\">\n\t\t\t\t<svg aria-hidden=\"true\" class=\"e-font-icon-svg e-far-calendar-alt\" viewBox=\"0 0 448 512\" xmlns=\"http:\/\/www.w3.org\/2000\/svg\"><path d=\"M148 288h-40c-6.6 0-12-5.4-12-12v-40c0-6.6 5.4-12 12-12h40c6.6 0 12 5.4 12 12v40c0 6.6-5.4 12-12 12zm108-12v-40c0-6.6-5.4-12-12-12h-40c-6.6 0-12 5.4-12 12v40c0 6.6 5.4 12 12 12h40c6.6 0 12-5.4 12-12zm96 0v-40c0-6.6-5.4-12-12-12h-40c-6.6 0-12 5.4-12 12v40c0 6.6 5.4 12 12 12h40c6.6 0 12-5.4 12-12zm-96 96v-40c0-6.6-5.4-12-12-12h-40c-6.6 0-12 5.4-12 12v40c0 6.6 5.4 12 12 12h40c6.6 0 12-5.4 12-12zm-96 0v-40c0-6.6-5.4-12-12-12h-40c-6.6 0-12 5.4-12 12v40c0 6.6 5.4 12 12 12h40c6.6 0 12-5.4 12-12zm192 0v-40c0-6.6-5.4-12-12-12h-40c-6.6 0-12 5.4-12 12v40c0 6.6 5.4 12 12 12h40c6.6 0 12-5.4 12-12zm96-260v352c0 26.5-21.5 48-48 48H48c-26.5 0-48-21.5-48-48V112c0-26.5 21.5-48 48-48h48V12c0-6.6 5.4-12 12-12h40c6.6 0 12 5.4 12 12v52h128V12c0-6.6 5.4-12 12-12h40c6.6 0 12 5.4 12 12v52h48c26.5 0 48 21.5 48 48zm-48 346V160H48v298c0 3.3 2.7 6 6 6h340c3.3 0 6-2.7 6-6z\"><\/path><\/svg>\t\t\t<\/span>\n\t\t\t\t\t\t\t\t\t<span class=\"elementor-button-text\">RESERVEZ DES MAINTENANT<\/span>\n\t\t\t\t\t<\/span>\n\t\t\t\t\t<\/a>\n\t\t\t\t<\/div>\n\t\t\t\t\t\t\t\t<\/div>\n\t\t\t\t<\/div>\n\t\t\t\t\t<\/div>\n\t\t\t\t<\/div>\n\t\t<div class=\"elementor-element elementor-element-fa5e74b e-flex e-con-boxed e-con e-parent\" data-id=\"fa5e74b\" data-element_type=\"container\" data-e-type=\"container\">\n\t\t\t\t\t<div class=\"e-con-inner\">\n\t\t\t\t<div class=\"elementor-element elementor-element-a640398 elementor-widget-divider--view-line elementor-widget elementor-widget-divider\" data-id=\"a640398\" data-element_type=\"widget\" data-e-type=\"widget\" data-widget_type=\"divider.default\">\n\t\t\t\t<div class=\"elementor-widget-container\">\n\t\t\t\t\t\t\t<div class=\"elementor-divider\">\n\t\t\t<span class=\"elementor-divider-separator\">\n\t\t\t\t\t\t<\/span>\n\t\t<\/div>\n\t\t\t\t\t\t<\/div>\n\t\t\t\t<\/div>\n\t\t\t\t\t<\/div>\n\t\t\t\t<\/div>\n\t\t\t\t<\/div>\n\t\t","protected":false},"excerpt":{"rendered":"<p>Animation en \u00e9cole Notre \u00e9quipe arrivera \u00e0 votre \u00e9cole une heure avant le d\u00e9but de l&rsquo;animation afin de d\u00e9charger le [&hellip;]<\/p>\n","protected":false},"author":1,"featured_media":0,"parent":0,"menu_order":0,"comment_status":"closed","ping_status":"closed","template":"","meta":{"_uag_custom_page_level_css":"","site-sidebar-layout":"no-sidebar","site-content-layout":"","ast-site-content-layout":"full-width-container","site-content-style":"default","site-sidebar-style":"default","ast-global-header-display":"","ast-banner-title-visibility":"","ast-main-header-display":"","ast-hfb-above-header-display":"","ast-hfb-below-header-display":"","ast-hfb-mobile-header-display":"","site-post-title":"disabled","ast-breadcrumbs-content":"","ast-featured-img":"disabled","footer-sml-layout":"","ast-disable-related-posts":"","theme-transparent-header-meta":"","adv-header-id-meta":"","stick-header-meta":"","header-above-stick-meta":"","header-main-stick-meta":"","header-below-stick-meta":"","astra-migrate-meta-layouts":"default","ast-page-background-enabled":"default","ast-page-background-meta":{"desktop":{"background-color":"var(--ast-global-color-5)","background-image":"","background-repeat":"repeat","background-position":"center center","background-size":"auto","background-attachment":"scroll","background-type":"","background-media":"","overlay-type":"","overlay-color":"","overlay-opacity":"","overlay-gradient":""},"tablet":{"background-color":"","background-image":"","background-repeat":"repeat","background-position":"center center","background-size":"auto","background-attachment":"scroll","background-type":"","background-media":"","overlay-type":"","overlay-color":"","overlay-opacity":"","overlay-gradient":""},"mobile":{"background-color":"","background-image":"","background-repeat":"repeat","background-position":"center center","background-size":"auto","background-attachment":"scroll","background-type":"","background-media":"","overlay-type":"","overlay-color":"","overlay-opacity":"","overlay-gradient":""}},"ast-content-background-meta":{"desktop":{"background-color":"var(--ast-global-color-4)","background-image":"","background-repeat":"repeat","background-position":"center center","background-size":"auto","background-attachment":"scroll","background-type":"","background-media":"","overlay-type":"","overlay-color":"","overlay-opacity":"","overlay-gradient":""},"tablet":{"background-color":"var(--ast-global-color-4)","background-image":"","background-repeat":"repeat","background-position":"center center","background-size":"auto","background-attachment":"scroll","background-type":"","background-media":"","overlay-type":"","overlay-color":"","overlay-opacity":"","overlay-gradient":""},"mobile":{"background-color":"var(--ast-global-color-4)","background-image":"","background-repeat":"repeat","background-position":"center center","background-size":"auto","background-attachment":"scroll","background-type":"","background-media":"","overlay-type":"","overlay-color":"","overlay-opacity":"","overlay-gradient":""}},"footnotes":""},"class_list":["post-402","page","type-page","status-publish","hentry"],"uagb_featured_image_src":{"full":false,"thumbnail":false,"medium":false,"medium_large":false,"large":false,"1536x1536":false,"2048x2048":false},"uagb_author_info":{"display_name":"siteweb.kaplaalsace@gmail.com","author_link":"https:\/\/centrekaplaalsace.eu\/?author=1"},"uagb_comment_info":0,"uagb_excerpt":"Animation en \u00e9cole Notre \u00e9quipe arrivera \u00e0 votre \u00e9cole une heure avant le d\u00e9but de l&rsquo;animation afin de d\u00e9charger le [&hellip;]","_links":{"self":[{"href":"https:\/\/centrekaplaalsace.eu\/index.php?rest_route=\/wp\/v2\/pages\/402","targetHints":{"allow":["GET"]}}],"collection":[{"href":"https:\/\/centrekaplaalsace.eu\/index.php?rest_route=\/wp\/v2\/pages"}],"about":[{"href":"https:\/\/centrekaplaalsace.eu\/index.php?rest_route=\/wp\/v2\/types\/page"}],"author":[{"embeddable":true,"href":"https:\/\/centrekaplaalsace.eu\/index.php?rest_route=\/wp\/v2\/users\/1"}],"replies":[{"embeddable":true,"href":"https:\/\/centrekaplaalsace.eu\/index.php?rest_route=%2Fwp%2Fv2%2Fcomments&post=402"}],"version-history":[{"count":73,"href":"https:\/\/centrekaplaalsace.eu\/index.php?rest_route=\/wp\/v2\/pages\/402\/revisions"}],"predecessor-version":[{"id":951,"href":"https:\/\/centrekaplaalsace.eu\/index.php?rest_route=\/wp\/v2\/pages\/402\/revisions\/951"}],"wp:attachment":[{"href":"https:\/\/centrekaplaalsace.eu\/index.php?rest_route=%2Fwp%2Fv2%2Fmedia&parent=402"}],"curies":[{"name":"wp","href":"https:\/\/api.w.org\/{rel}","templated":true}]}}