{"id":404,"date":"2025-03-16T10:52:34","date_gmt":"2025-03-16T09:52:34","guid":{"rendered":"https:\/\/centrekaplaalsace.eu\/?page_id=404"},"modified":"2025-09-01T23:54:55","modified_gmt":"2025-09-01T21:54:55","slug":"centres-de-loisirs","status":"publish","type":"page","link":"https:\/\/centrekaplaalsace.eu\/?page_id=404","title":{"rendered":"Centres de loisirs"},"content":{"rendered":"\t\t<div data-elementor-type=\"wp-page\" data-elementor-id=\"404\" class=\"elementor elementor-404\">\n\t\t\t\t<div class=\"elementor-element elementor-element-aa645db e-flex e-con-boxed e-con e-parent\" data-id=\"aa645db\" data-element_type=\"container\" data-e-type=\"container\">\n\t\t\t\t\t<div class=\"e-con-inner\">\n\t\t\t\t<div class=\"elementor-element elementor-element-ad2b9b8 elementor-widget elementor-widget-heading\" data-id=\"ad2b9b8\" data-element_type=\"widget\" data-e-type=\"widget\" data-widget_type=\"heading.default\">\n\t\t\t\t<div class=\"elementor-widget-container\">\n\t\t\t\t\t<h2 class=\"elementor-heading-title elementor-size-default\">Centres de loisirs<\/h2>\t\t\t\t<\/div>\n\t\t\t\t<\/div>\n\t\t\t\t\t<\/div>\n\t\t\t\t<\/div>\n\t\t<div class=\"elementor-element elementor-element-4d06c8c e-flex e-con-boxed e-con e-parent\" data-id=\"4d06c8c\" data-element_type=\"container\" data-e-type=\"container\">\n\t\t\t\t\t<div class=\"e-con-inner\">\n\t\t\t\t<div class=\"elementor-element elementor-element-30392eb elementor-widget elementor-widget-image\" data-id=\"30392eb\" data-element_type=\"widget\" data-e-type=\"widget\" data-widget_type=\"image.default\">\n\t\t\t\t<div class=\"elementor-widget-container\">\n\t\t\t\t\t\t\t\t\t\t\t\t\t\t\t\t<a href=\"https:\/\/centrekaplaalsace.eu\/wp-content\/uploads\/2025\/03\/20250319_115427.jpg\" data-elementor-open-lightbox=\"yes\" data-elementor-lightbox-title=\"Animation en Centre de Loisirs\" data-e-action-hash=\"#elementor-action%3Aaction%3Dlightbox%26settings%3DeyJpZCI6NTg1LCJ1cmwiOiJodHRwczpcL1wvY2VudHJla2FwbGFhbHNhY2UuZXVcL3dwLWNvbnRlbnRcL3VwbG9hZHNcLzIwMjVcLzAzXC8yMDI1MDMxOV8xMTU0MjcuanBnIn0%3D\">\n\t\t\t\t\t\t\t<img fetchpriority=\"high\" decoding=\"async\" width=\"768\" height=\"426\" src=\"https:\/\/centrekaplaalsace.eu\/wp-content\/uploads\/2025\/03\/20250319_115427-768x426.jpg\" class=\"attachment-medium_large size-medium_large wp-image-585\" alt=\"\" srcset=\"https:\/\/centrekaplaalsace.eu\/wp-content\/uploads\/2025\/03\/20250319_115427-768x426.jpg 768w, https:\/\/centrekaplaalsace.eu\/wp-content\/uploads\/2025\/03\/20250319_115427-300x166.jpg 300w, https:\/\/centrekaplaalsace.eu\/wp-content\/uploads\/2025\/03\/20250319_115427-1024x568.jpg 1024w, https:\/\/centrekaplaalsace.eu\/wp-content\/uploads\/2025\/03\/20250319_115427-1536x852.jpg 1536w, https:\/\/centrekaplaalsace.eu\/wp-content\/uploads\/2025\/03\/20250319_115427-2048x1136.jpg 2048w\" sizes=\"(max-width: 768px) 100vw, 768px\" \/>\t\t\t\t\t\t\t\t<\/a>\n\t\t\t\t\t\t\t\t\t\t\t\t\t\t\t<\/div>\n\t\t\t\t<\/div>\n\t\t\t\t\t<\/div>\n\t\t\t\t<\/div>\n\t\t<div class=\"elementor-element elementor-element-e72af32 e-flex e-con-boxed e-con e-parent\" data-id=\"e72af32\" data-element_type=\"container\" data-e-type=\"container\">\n\t\t\t\t\t<div class=\"e-con-inner\">\n\t\t\t\t<div class=\"elementor-element elementor-element-c70d51d elementor-widget elementor-widget-text-editor\" data-id=\"c70d51d\" data-element_type=\"widget\" data-e-type=\"widget\" data-widget_type=\"text-editor.default\">\n\t\t\t\t<div class=\"elementor-widget-container\">\n\t\t\t\t\t\t\t\t\t<p>Tout un spectacle pour et par les enfants. Vivez une journ\u00e9e pleine d&rsquo;apprentissage, de joie, de d\u00e9fis et de g\u00e9antes constructions.<\/p><p>Nous ferons partie active de l&rsquo;\u00e9quipe d&rsquo;animateurs de votre centre de loisirs afin de donner aux enfants l&rsquo;opportunit\u00e9 d&rsquo;exploiter tout leur talent de construction en faisant de leur journ\u00e9e au centre; une journ\u00e9e inoubliable.<\/p><p>Consultez nos tarifs <a href=\"https:\/\/centrekaplaalsace.eu\/?page_id=149\">ici.\u00a0<\/a><\/p>\t\t\t\t\t\t\t\t<\/div>\n\t\t\t\t<\/div>\n\t\t\t\t\t<\/div>\n\t\t\t\t<\/div>\n\t\t<div class=\"elementor-element elementor-element-6402366 e-flex e-con-boxed e-con e-parent\" data-id=\"6402366\" data-element_type=\"container\" data-e-type=\"container\">\n\t\t\t\t\t<div class=\"e-con-inner\">\n\t\t\t\t<div class=\"elementor-element elementor-element-33322c2 elementor-align-center elementor-widget elementor-widget-button\" data-id=\"33322c2\" data-element_type=\"widget\" data-e-type=\"widget\" data-widget_type=\"button.default\">\n\t\t\t\t<div class=\"elementor-widget-container\">\n\t\t\t\t\t\t\t\t\t<div class=\"elementor-button-wrapper\">\n\t\t\t\t\t<a class=\"elementor-button elementor-button-link elementor-size-sm\" href=\"https:\/\/centrekaplaalsace.eu\/?page_id=155\">\n\t\t\t\t\t\t<span class=\"elementor-button-content-wrapper\">\n\t\t\t\t\t\t\t\t\t<span class=\"elementor-button-text\">RESERVEZ DES MAINTENANT ICI<\/span>\n\t\t\t\t\t<\/span>\n\t\t\t\t\t<\/a>\n\t\t\t\t<\/div>\n\t\t\t\t\t\t\t\t<\/div>\n\t\t\t\t<\/div>\n\t\t\t\t\t<\/div>\n\t\t\t\t<\/div>\n\t\t\t\t<\/div>\n\t\t","protected":false},"excerpt":{"rendered":"<p>Centres de loisirs Tout un spectacle pour et par les enfants. Vivez une journ\u00e9e pleine d&rsquo;apprentissage, de joie, de d\u00e9fis [&hellip;]<\/p>\n","protected":false},"author":1,"featured_media":0,"parent":0,"menu_order":0,"comment_status":"closed","ping_status":"closed","template":"","meta":{"_uag_custom_page_level_css":"","site-sidebar-layout":"no-sidebar","site-content-layout":"","ast-site-content-layout":"full-width-container","site-content-style":"default","site-sidebar-style":"default","ast-global-header-display":"","ast-banner-title-visibility":"","ast-main-header-display":"","ast-hfb-above-header-display":"","ast-hfb-below-header-display":"","ast-hfb-mobile-header-display":"","site-post-title":"disabled","ast-breadcrumbs-content":"","ast-featured-img":"disabled","footer-sml-layout":"","ast-disable-related-posts":"","theme-transparent-header-meta":"","adv-header-id-meta":"","stick-header-meta":"","header-above-stick-meta":"","header-main-stick-meta":"","header-below-stick-meta":"","astra-migrate-meta-layouts":"default","ast-page-background-enabled":"default","ast-page-background-meta":{"desktop":{"background-color":"var(--ast-global-color-5)","background-image":"","background-repeat":"repeat","background-position":"center center","background-size":"auto","background-attachment":"scroll","background-type":"","background-media":"","overlay-type":"","overlay-color":"","overlay-opacity":"","overlay-gradient":""},"tablet":{"background-color":"","background-image":"","background-repeat":"repeat","background-position":"center center","background-size":"auto","background-attachment":"scroll","background-type":"","background-media":"","overlay-type":"","overlay-color":"","overlay-opacity":"","overlay-gradient":""},"mobile":{"background-color":"","background-image":"","background-repeat":"repeat","background-position":"center center","background-size":"auto","background-attachment":"scroll","background-type":"","background-media":"","overlay-type":"","overlay-color":"","overlay-opacity":"","overlay-gradient":""}},"ast-content-background-meta":{"desktop":{"background-color":"var(--ast-global-color-4)","background-image":"","background-repeat":"repeat","background-position":"center center","background-size":"auto","background-attachment":"scroll","background-type":"","background-media":"","overlay-type":"","overlay-color":"","overlay-opacity":"","overlay-gradient":""},"tablet":{"background-color":"var(--ast-global-color-4)","background-image":"","background-repeat":"repeat","background-position":"center center","background-size":"auto","background-attachment":"scroll","background-type":"","background-media":"","overlay-type":"","overlay-color":"","overlay-opacity":"","overlay-gradient":""},"mobile":{"background-color":"var(--ast-global-color-4)","background-image":"","background-repeat":"repeat","background-position":"center center","background-size":"auto","background-attachment":"scroll","background-type":"","background-media":"","overlay-type":"","overlay-color":"","overlay-opacity":"","overlay-gradient":""}},"footnotes":""},"class_list":["post-404","page","type-page","status-publish","hentry"],"uagb_featured_image_src":{"full":false,"thumbnail":false,"medium":false,"medium_large":false,"large":false,"1536x1536":false,"2048x2048":false},"uagb_author_info":{"display_name":"siteweb.kaplaalsace@gmail.com","author_link":"https:\/\/centrekaplaalsace.eu\/?author=1"},"uagb_comment_info":0,"uagb_excerpt":"Centres de loisirs Tout un spectacle pour et par les enfants. Vivez une journ\u00e9e pleine d&rsquo;apprentissage, de joie, de d\u00e9fis [&hellip;]","_links":{"self":[{"href":"https:\/\/centrekaplaalsace.eu\/index.php?rest_route=\/wp\/v2\/pages\/404","targetHints":{"allow":["GET"]}}],"collection":[{"href":"https:\/\/centrekaplaalsace.eu\/index.php?rest_route=\/wp\/v2\/pages"}],"about":[{"href":"https:\/\/centrekaplaalsace.eu\/index.php?rest_route=\/wp\/v2\/types\/page"}],"author":[{"embeddable":true,"href":"https:\/\/centrekaplaalsace.eu\/index.php?rest_route=\/wp\/v2\/users\/1"}],"replies":[{"embeddable":true,"href":"https:\/\/centrekaplaalsace.eu\/index.php?rest_route=%2Fwp%2Fv2%2Fcomments&post=404"}],"version-history":[{"count":16,"href":"https:\/\/centrekaplaalsace.eu\/index.php?rest_route=\/wp\/v2\/pages\/404\/revisions"}],"predecessor-version":[{"id":948,"href":"https:\/\/centrekaplaalsace.eu\/index.php?rest_route=\/wp\/v2\/pages\/404\/revisions\/948"}],"wp:attachment":[{"href":"https:\/\/centrekaplaalsace.eu\/index.php?rest_route=%2Fwp%2Fv2%2Fmedia&parent=404"}],"curies":[{"name":"wp","href":"https:\/\/api.w.org\/{rel}","templated":true}]}}