{"id":406,"date":"2025-03-16T10:52:57","date_gmt":"2025-03-16T09:52:57","guid":{"rendered":"https:\/\/centrekaplaalsace.eu\/?page_id=406"},"modified":"2025-04-03T23:56:50","modified_gmt":"2025-04-03T21:56:50","slug":"grand-public","status":"publish","type":"page","link":"https:\/\/centrekaplaalsace.eu\/?page_id=406","title":{"rendered":"Grand public"},"content":{"rendered":"\t\t<div data-elementor-type=\"wp-page\" data-elementor-id=\"406\" class=\"elementor elementor-406\">\n\t\t\t\t<div class=\"elementor-element elementor-element-fd7347a e-flex e-con-boxed e-con e-parent\" data-id=\"fd7347a\" data-element_type=\"container\" data-e-type=\"container\">\n\t\t\t\t\t<div class=\"e-con-inner\">\n\t\t\t\t<div class=\"elementor-element elementor-element-b4cbb40 elementor-widget elementor-widget-heading\" data-id=\"b4cbb40\" data-element_type=\"widget\" data-e-type=\"widget\" data-widget_type=\"heading.default\">\n\t\t\t\t<div class=\"elementor-widget-container\">\n\t\t\t\t\t<h2 class=\"elementor-heading-title elementor-size-default\">Animations en grand public<\/h2>\t\t\t\t<\/div>\n\t\t\t\t<\/div>\n\t\t\t\t\t<\/div>\n\t\t\t\t<\/div>\n\t\t<div class=\"elementor-element elementor-element-3853234 e-flex e-con-boxed e-con e-parent\" data-id=\"3853234\" data-element_type=\"container\" data-e-type=\"container\">\n\t\t\t\t\t<div class=\"e-con-inner\">\n\t\t<div class=\"elementor-element elementor-element-9638749 e-con-full e-flex e-con e-child\" data-id=\"9638749\" data-element_type=\"container\" data-e-type=\"container\">\n\t\t\t\t<div class=\"elementor-element elementor-element-6d2e44c elementor-invisible elementor-widget elementor-widget-image\" data-id=\"6d2e44c\" data-element_type=\"widget\" data-e-type=\"widget\" data-settings=\"{&quot;_animation&quot;:&quot;slideInLeft&quot;}\" data-widget_type=\"image.default\">\n\t\t\t\t<div class=\"elementor-widget-container\">\n\t\t\t\t\t\t\t\t\t\t\t\t\t\t\t\t<a href=\"https:\/\/centrekaplaalsace.eu\/wp-content\/uploads\/2025\/03\/IMG-20250218-WA0014-e1742761978756.jpg\" data-elementor-open-lightbox=\"yes\" data-elementor-lightbox-title=\"Animation en centre commercial\" data-e-action-hash=\"#elementor-action%3Aaction%3Dlightbox%26settings%3DeyJpZCI6Njc5LCJ1cmwiOiJodHRwczpcL1wvY2VudHJla2FwbGFhbHNhY2UuZXVcL3dwLWNvbnRlbnRcL3VwbG9hZHNcLzIwMjVcLzAzXC9JTUctMjAyNTAyMTgtV0EwMDE0LWUxNzQyNzYxOTc4NzU2LmpwZyJ9\">\n\t\t\t\t\t\t\t<img fetchpriority=\"high\" decoding=\"async\" width=\"1024\" height=\"817\" src=\"https:\/\/centrekaplaalsace.eu\/wp-content\/uploads\/2025\/03\/IMG-20250218-WA0014-e1742761978756-1024x817.jpg\" class=\"attachment-large size-large wp-image-679\" alt=\"\" srcset=\"https:\/\/centrekaplaalsace.eu\/wp-content\/uploads\/2025\/03\/IMG-20250218-WA0014-e1742761978756-1024x817.jpg 1024w, https:\/\/centrekaplaalsace.eu\/wp-content\/uploads\/2025\/03\/IMG-20250218-WA0014-e1742761978756-300x239.jpg 300w, https:\/\/centrekaplaalsace.eu\/wp-content\/uploads\/2025\/03\/IMG-20250218-WA0014-e1742761978756-768x613.jpg 768w, https:\/\/centrekaplaalsace.eu\/wp-content\/uploads\/2025\/03\/IMG-20250218-WA0014-e1742761978756.jpg 1370w\" sizes=\"(max-width: 1024px) 100vw, 1024px\" \/>\t\t\t\t\t\t\t\t<\/a>\n\t\t\t\t\t\t\t\t\t\t\t\t\t\t\t<\/div>\n\t\t\t\t<\/div>\n\t\t\t\t<\/div>\n\t\t<div class=\"elementor-element elementor-element-9f01106 e-con-full e-flex e-con e-child\" data-id=\"9f01106\" data-element_type=\"container\" data-e-type=\"container\">\n\t\t\t\t<div class=\"elementor-element elementor-element-da98642 elementor-invisible elementor-widget elementor-widget-text-editor\" data-id=\"da98642\" data-element_type=\"widget\" data-e-type=\"widget\" data-settings=\"{&quot;_animation&quot;:&quot;slideInRight&quot;}\" data-widget_type=\"text-editor.default\">\n\t\t\t\t<div class=\"elementor-widget-container\">\n\t\t\t\t\t\t\t\t\t<p><b style=\"font-style: inherit;\">Vous voulez animer votre \u00e9tablissement avec un \u00e9norme chantier au libre acc\u00e8s pour vous et vos visiteurs ?<\/b><\/p><p><b>Des milliers de planchettes seront \u00e0 disposition pour r\u00e9aliser toutes les constructions imaginables et pour que les passants, clients ou visiteurs gardent dans leurs c\u0153urs un beau souvenir de votre organisation.<\/b><\/p>\t\t\t\t\t\t\t\t<\/div>\n\t\t\t\t<\/div>\n\t\t\t\t<\/div>\n\t\t\t\t\t<\/div>\n\t\t\t\t<\/div>\n\t\t<div class=\"elementor-element elementor-element-38e38d6 e-flex e-con-boxed e-con e-parent\" data-id=\"38e38d6\" data-element_type=\"container\" data-e-type=\"container\">\n\t\t\t\t\t<div class=\"e-con-inner\">\n\t\t\t\t<div class=\"elementor-element elementor-element-b8424fc elementor-invisible elementor-widget elementor-widget-image\" data-id=\"b8424fc\" data-element_type=\"widget\" data-e-type=\"widget\" data-settings=\"{&quot;_animation&quot;:&quot;fadeInDown&quot;}\" data-widget_type=\"image.default\">\n\t\t\t\t<div class=\"elementor-widget-container\">\n\t\t\t\t\t\t\t\t\t\t\t\t\t\t\t<img decoding=\"async\" width=\"768\" height=\"429\" src=\"https:\/\/centrekaplaalsace.eu\/wp-content\/uploads\/2025\/03\/20240421_165703-scaled-e1742764441235-768x429.jpg\" class=\"attachment-medium_large size-medium_large wp-image-65\" alt=\"\" srcset=\"https:\/\/centrekaplaalsace.eu\/wp-content\/uploads\/2025\/03\/20240421_165703-scaled-e1742764441235-768x429.jpg 768w, https:\/\/centrekaplaalsace.eu\/wp-content\/uploads\/2025\/03\/20240421_165703-scaled-e1742764441235-300x168.jpg 300w, https:\/\/centrekaplaalsace.eu\/wp-content\/uploads\/2025\/03\/20240421_165703-scaled-e1742764441235-1024x573.jpg 1024w, https:\/\/centrekaplaalsace.eu\/wp-content\/uploads\/2025\/03\/20240421_165703-scaled-e1742764441235-1536x859.jpg 1536w, https:\/\/centrekaplaalsace.eu\/wp-content\/uploads\/2025\/03\/20240421_165703-scaled-e1742764441235-2048x1145.jpg 2048w\" sizes=\"(max-width: 768px) 100vw, 768px\" \/>\t\t\t\t\t\t\t\t\t\t\t\t\t\t\t<\/div>\n\t\t\t\t<\/div>\n\t\t\t\t\t<\/div>\n\t\t\t\t<\/div>\n\t\t<div class=\"elementor-element elementor-element-e46df0e e-flex e-con-boxed e-con e-parent\" data-id=\"e46df0e\" data-element_type=\"container\" data-e-type=\"container\">\n\t\t\t\t\t<div class=\"e-con-inner\">\n\t\t\t\t<div class=\"elementor-element elementor-element-a872726 elementor-widget elementor-widget-text-editor\" data-id=\"a872726\" data-element_type=\"widget\" data-e-type=\"widget\" data-widget_type=\"text-editor.default\">\n\t\t\t\t<div class=\"elementor-widget-container\">\n\t\t\t\t\t\t\t\t\t<p><strong>Nous vous proposons ce type d&rsquo;animation pour vos :<\/strong><\/p><ul class=\"list-disc text-tan space-y-4\"><li><strong><span class=\"text-gray-700\">F\u00eates, festivals, salons, espace jeux, galerie commerciale &#8230;<\/span><\/strong><\/li><li><strong><span class=\"text-gray-700\">Association, mairie, ludoth\u00e8que, office du tourisme &#8230;<\/span><\/strong><\/li><li><strong><span class=\"text-gray-700\">Arbres de No\u00ebl, comit\u00e9s d&rsquo;entreprise, f\u00eates d&rsquo;\u00e9cole, f\u00eates familiales, villages vacances&#8230;<\/span><\/strong><\/li><\/ul><div><b>Consultez les tarifs <a href=\"https:\/\/centrekaplaalsace.eu\/?page_id=149\"><span style=\"text-decoration: underline;\">ici<\/span><\/a><\/b><\/div>\t\t\t\t\t\t\t\t<\/div>\n\t\t\t\t<\/div>\n\t\t\t\t<div class=\"elementor-element elementor-element-acc8b6c elementor-align-center elementor-widget elementor-widget-button\" data-id=\"acc8b6c\" data-element_type=\"widget\" data-e-type=\"widget\" data-widget_type=\"button.default\">\n\t\t\t\t<div class=\"elementor-widget-container\">\n\t\t\t\t\t\t\t\t\t<div class=\"elementor-button-wrapper\">\n\t\t\t\t\t<a class=\"elementor-button elementor-button-link elementor-size-sm\" href=\"https:\/\/centrekaplaalsace.eu\/?page_id=155\">\n\t\t\t\t\t\t<span class=\"elementor-button-content-wrapper\">\n\t\t\t\t\t\t\t\t\t<span class=\"elementor-button-text\">RESERVEZ DES MAINTENANT ICI<\/span>\n\t\t\t\t\t<\/span>\n\t\t\t\t\t<\/a>\n\t\t\t\t<\/div>\n\t\t\t\t\t\t\t\t<\/div>\n\t\t\t\t<\/div>\n\t\t\t\t\t<\/div>\n\t\t\t\t<\/div>\n\t\t\t\t<\/div>\n\t\t","protected":false},"excerpt":{"rendered":"<p>Animations en grand public Vous voulez animer votre \u00e9tablissement avec un \u00e9norme chantier au libre acc\u00e8s pour vous et vos [&hellip;]<\/p>\n","protected":false},"author":1,"featured_media":0,"parent":0,"menu_order":0,"comment_status":"closed","ping_status":"closed","template":"","meta":{"_uag_custom_page_level_css":"","site-sidebar-layout":"no-sidebar","site-content-layout":"","ast-site-content-layout":"full-width-container","site-content-style":"default","site-sidebar-style":"default","ast-global-header-display":"","ast-banner-title-visibility":"","ast-main-header-display":"","ast-hfb-above-header-display":"","ast-hfb-below-header-display":"","ast-hfb-mobile-header-display":"","site-post-title":"disabled","ast-breadcrumbs-content":"","ast-featured-img":"disabled","footer-sml-layout":"","ast-disable-related-posts":"","theme-transparent-header-meta":"","adv-header-id-meta":"","stick-header-meta":"","header-above-stick-meta":"","header-main-stick-meta":"","header-below-stick-meta":"","astra-migrate-meta-layouts":"default","ast-page-background-enabled":"default","ast-page-background-meta":{"desktop":{"background-color":"var(--ast-global-color-5)","background-image":"","background-repeat":"repeat","background-position":"center center","background-size":"auto","background-attachment":"scroll","background-type":"","background-media":"","overlay-type":"","overlay-color":"","overlay-opacity":"","overlay-gradient":""},"tablet":{"background-color":"","background-image":"","background-repeat":"repeat","background-position":"center center","background-size":"auto","background-attachment":"scroll","background-type":"","background-media":"","overlay-type":"","overlay-color":"","overlay-opacity":"","overlay-gradient":""},"mobile":{"background-color":"","background-image":"","background-repeat":"repeat","background-position":"center center","background-size":"auto","background-attachment":"scroll","background-type":"","background-media":"","overlay-type":"","overlay-color":"","overlay-opacity":"","overlay-gradient":""}},"ast-content-background-meta":{"desktop":{"background-color":"var(--ast-global-color-4)","background-image":"","background-repeat":"repeat","background-position":"center center","background-size":"auto","background-attachment":"scroll","background-type":"","background-media":"","overlay-type":"","overlay-color":"","overlay-opacity":"","overlay-gradient":""},"tablet":{"background-color":"var(--ast-global-color-4)","background-image":"","background-repeat":"repeat","background-position":"center center","background-size":"auto","background-attachment":"scroll","background-type":"","background-media":"","overlay-type":"","overlay-color":"","overlay-opacity":"","overlay-gradient":""},"mobile":{"background-color":"var(--ast-global-color-4)","background-image":"","background-repeat":"repeat","background-position":"center center","background-size":"auto","background-attachment":"scroll","background-type":"","background-media":"","overlay-type":"","overlay-color":"","overlay-opacity":"","overlay-gradient":""}},"footnotes":""},"class_list":["post-406","page","type-page","status-publish","hentry"],"uagb_featured_image_src":{"full":false,"thumbnail":false,"medium":false,"medium_large":false,"large":false,"1536x1536":false,"2048x2048":false},"uagb_author_info":{"display_name":"siteweb.kaplaalsace@gmail.com","author_link":"https:\/\/centrekaplaalsace.eu\/?author=1"},"uagb_comment_info":0,"uagb_excerpt":"Animations en grand public Vous voulez animer votre \u00e9tablissement avec un \u00e9norme chantier au libre acc\u00e8s pour vous et vos [&hellip;]","_links":{"self":[{"href":"https:\/\/centrekaplaalsace.eu\/index.php?rest_route=\/wp\/v2\/pages\/406","targetHints":{"allow":["GET"]}}],"collection":[{"href":"https:\/\/centrekaplaalsace.eu\/index.php?rest_route=\/wp\/v2\/pages"}],"about":[{"href":"https:\/\/centrekaplaalsace.eu\/index.php?rest_route=\/wp\/v2\/types\/page"}],"author":[{"embeddable":true,"href":"https:\/\/centrekaplaalsace.eu\/index.php?rest_route=\/wp\/v2\/users\/1"}],"replies":[{"embeddable":true,"href":"https:\/\/centrekaplaalsace.eu\/index.php?rest_route=%2Fwp%2Fv2%2Fcomments&post=406"}],"version-history":[{"count":22,"href":"https:\/\/centrekaplaalsace.eu\/index.php?rest_route=\/wp\/v2\/pages\/406\/revisions"}],"predecessor-version":[{"id":850,"href":"https:\/\/centrekaplaalsace.eu\/index.php?rest_route=\/wp\/v2\/pages\/406\/revisions\/850"}],"wp:attachment":[{"href":"https:\/\/centrekaplaalsace.eu\/index.php?rest_route=%2Fwp%2Fv2%2Fmedia&parent=406"}],"curies":[{"name":"wp","href":"https:\/\/api.w.org\/{rel}","templated":true}]}}